{"id":4323,"date":"2025-09-18T19:23:25","date_gmt":"2025-09-18T17:23:25","guid":{"rendered":"https:\/\/taxis-villefontaine.com\/?page_id=4323"},"modified":"2025-09-18T19:38:44","modified_gmt":"2025-09-18T17:38:44","slug":"livraison-de-colis-a-villefontaine","status":"publish","type":"page","link":"https:\/\/k-miles.fr\/en\/livraison-de-colis-a-villefontaine\/","title":{"rendered":"Parcel delivery"},"content":{"rendered":"<div data-elementor-type=\"wp-page\" data-elementor-id=\"4323\" class=\"elementor elementor-4323\" data-elementor-post-type=\"page\">\n\t\t\t\t\t\t<section class=\"elementor-section elementor-top-section elementor-element elementor-element-24ae9fe3 elementor-section-height-min-height elementor-section-content-middle elementor-section-boxed elementor-section-height-default elementor-section-items-middle\" data-id=\"24ae9fe3\" data-element_type=\"section\" data-settings=\"{&quot;background_background&quot;:&quot;classic&quot;}\">\n\t\t\t\t\t\t\t<div class=\"elementor-background-overlay\"><\/div>\n\t\t\t\t\t\t\t<div class=\"elementor-container elementor-column-gap-default\">\n\t\t\t\t\t<div class=\"elementor-column elementor-col-100 elementor-top-column elementor-element elementor-element-239b891 elementor-invisible\" data-id=\"239b891\" data-element_type=\"column\" data-settings=\"{&quot;animation&quot;:&quot;fadeInUp&quot;}\">\n\t\t\t<div class=\"elementor-widget-wrap elementor-element-populated\">\n\t\t\t\t\t\t<div class=\"elementor-element elementor-element-6a9be29a elementor-widget elementor-widget-heading\" data-id=\"6a9be29a\" data-element_type=\"widget\" data-widget_type=\"heading.default\">\n\t\t\t\t\t<h1 class=\"elementor-heading-title elementor-size-default\">Parcel delivery<\/h1>\t\t\t\t<\/div>\n\t\t\t\t<div class=\"elementor-element elementor-element-34793c1f elementor-widget elementor-widget-text-editor\" data-id=\"34793c1f\" data-element_type=\"widget\" data-widget_type=\"text-editor.default\">\n\t\t\t\t\t\t\t\t\t<p><a href=\"#\">Home<\/a> Parcel delivery<\/p>\t\t\t\t\t\t\t\t<\/div>\n\t\t\t\t\t<\/div>\n\t\t<\/div>\n\t\t\t\t\t<\/div>\n\t\t<\/section>\n\t\t\t\t<section class=\"elementor-section elementor-top-section elementor-element elementor-element-37f86473 elementor-section-content-middle elementor-section-boxed elementor-section-height-default elementor-section-height-default\" data-id=\"37f86473\" data-element_type=\"section\">\n\t\t\t\t\t\t<div class=\"elementor-container elementor-column-gap-default\">\n\t\t\t\t\t<div class=\"elementor-column elementor-col-50 elementor-top-column elementor-element elementor-element-1a217a0c\" data-id=\"1a217a0c\" data-element_type=\"column\">\n\t\t\t<div class=\"elementor-widget-wrap elementor-element-populated\">\n\t\t\t\t\t\t<div class=\"elementor-element elementor-element-356b7d22 elementor-widget elementor-widget-image\" data-id=\"356b7d22\" data-element_type=\"widget\" data-widget_type=\"image.default\">\n\t\t\t\t\t\t\t\t\t\t\t\t\t\t\t<img fetchpriority=\"high\" decoding=\"async\" width=\"1920\" height=\"1200\" src=\"https:\/\/k-miles.fr\/wp-content\/uploads\/2024\/07\/taxi-villefontaine-transferts-aeroports.webp\" class=\"attachment-full size-full wp-image-799\" alt=\"Contact - Contactez votre Taxi Villefontaine, taxi sur Lyon et ses alentours. Demandez toutes vos demandes depuis le formulaire.\" srcset=\"https:\/\/k-miles.fr\/wp-content\/uploads\/2024\/07\/taxi-villefontaine-transferts-aeroports.webp 1920w, https:\/\/k-miles.fr\/wp-content\/uploads\/2024\/07\/taxi-villefontaine-transferts-aeroports-300x188.webp 300w, https:\/\/k-miles.fr\/wp-content\/uploads\/2024\/07\/taxi-villefontaine-transferts-aeroports-1024x640.webp 1024w, https:\/\/k-miles.fr\/wp-content\/uploads\/2024\/07\/taxi-villefontaine-transferts-aeroports-768x480.webp 768w, https:\/\/k-miles.fr\/wp-content\/uploads\/2024\/07\/taxi-villefontaine-transferts-aeroports-1536x960.webp 1536w, https:\/\/k-miles.fr\/wp-content\/uploads\/2024\/07\/taxi-villefontaine-transferts-aeroports-18x12.webp 18w\" sizes=\"(max-width: 1920px) 100vw, 1920px\" \/>\t\t\t\t\t\t\t\t\t\t\t\t\t\t\t<\/div>\n\t\t\t\t<div class=\"elementor-element elementor-element-4fd99658 elementor-align-left elementor-icon-list--layout-traditional elementor-list-item-link-full_width elementor-invisible elementor-widget elementor-widget-icon-list\" data-id=\"4fd99658\" data-element_type=\"widget\" data-settings=\"{&quot;_animation&quot;:&quot;fadeInLeft&quot;,&quot;_animation_delay&quot;:200}\" data-widget_type=\"icon-list.default\">\n\t\t\t\t\t\t\t<ul class=\"elementor-icon-list-items\">\n\t\t\t\t\t\t\t<li class=\"elementor-icon-list-item\">\n\t\t\t\t\t\t\t\t\t\t\t<a href=\"#\">\n\n\t\t\t\t\t\t\t\t\t\t\t\t<span class=\"elementor-icon-list-icon\">\n\t\t\t\t\t\t\t<svg aria-hidden=\"true\" class=\"e-font-icon-svg e-fas-ring\" viewbox=\"0 0 512 512\" xmlns=\"http:\/\/www.w3.org\/2000\/svg\"><path d=\"M256 64C110.06 64 0 125.91 0 208v98.13C0 384.48 114.62 448 256 448s256-63.52 256-141.87V208c0-82.09-110.06-144-256-144zm0 64c106.04 0 192 35.82 192 80 0 9.26-3.97 18.12-10.91 26.39C392.15 208.21 328.23 192 256 192s-136.15 16.21-181.09 42.39C67.97 226.12 64 217.26 64 208c0-44.18 85.96-80 192-80zM120.43 264.64C155.04 249.93 201.64 240 256 240s100.96 9.93 135.57 24.64C356.84 279.07 308.93 288 256 288s-100.84-8.93-135.57-23.36z\"><\/path><\/svg>\t\t\t\t\t\t<\/span>\n\t\t\t\t\t\t\t\t\t\t<span class=\"elementor-icon-list-text\">Parcel delivery<\/span>\n\t\t\t\t\t\t\t\t\t\t\t<\/a>\n\t\t\t\t\t\t\t\t\t<\/li>\n\t\t\t\t\t\t<\/ul>\n\t\t\t\t\t\t<\/div>\n\t\t\t\t<div class=\"elementor-element elementor-element-6402ab8a elementor-widget elementor-widget-spacer\" data-id=\"6402ab8a\" data-element_type=\"widget\" data-widget_type=\"spacer.default\">\n\t\t\t\t\t\t\t<div class=\"elementor-spacer\">\n\t\t\t<div class=\"elementor-spacer-inner\"><\/div>\n\t\t<\/div>\n\t\t\t\t\t\t<\/div>\n\t\t\t\t<div class=\"elementor-element elementor-element-7de0aca elementor-widget elementor-widget-text-editor\" data-id=\"7de0aca\" data-element_type=\"widget\" data-widget_type=\"text-editor.default\">\n\t\t\t\t\t\t\t\t\t<ul><li><p class=\"p1\"><span class=\"s1\"><b>Speed \u200b\u200band flexibility:<\/b><\/span> The continuous availability of parcel taxis allows for deliveries in record time, including evenings, weekends and public holidays. You can schedule an express or scheduled delivery according to your time constraints.<\/p><\/li><li><p class=\"p1\"><span class=\"s1\"><b>Reliability and security:<\/b><\/span> The package is handled by an experienced driver who ensures its tracking until hand delivery. Our drivers ensure the perfect integrity of fragile or confidential objects.<\/p><\/li><li><p class=\"p1\"><span class=\"s1\"><b>Tailor-made service:<\/b><\/span> We adapt to your specific needs (urgent delivery of a file, transport of a medical device, bulky package, etc.). The parcel taxi offers flexibility in terms of time and type of goods.<\/p><\/li><li><p class=\"p1\"><span class=\"s1\"><b>Comfort and professionalism:<\/b><\/span> Our company makes it a point of honor to offer a quality service combining punctuality, professionalism and comfort. Our experienced drivers do everything possible to guarantee you pleasant and secure transport.<\/p><\/li><\/ul>\t\t\t\t\t\t\t\t<\/div>\n\t\t\t\t\t<\/div>\n\t\t<\/div>\n\t\t\t\t<div class=\"elementor-column elementor-col-50 elementor-top-column elementor-element elementor-element-7262ca62 elementor-invisible\" data-id=\"7262ca62\" data-element_type=\"column\" data-settings=\"{&quot;animation&quot;:&quot;fadeInRight&quot;}\">\n\t\t\t<div class=\"elementor-widget-wrap elementor-element-populated\">\n\t\t\t\t\t\t<div class=\"elementor-element elementor-element-59221423 elementor-mobile-align-center elementor-icon-list--layout-traditional elementor-list-item-link-full_width elementor-widget elementor-widget-icon-list\" data-id=\"59221423\" data-element_type=\"widget\" data-widget_type=\"icon-list.default\">\n\t\t\t\t\t\t\t<ul class=\"elementor-icon-list-items\">\n\t\t\t\t\t\t\t<li class=\"elementor-icon-list-item\">\n\t\t\t\t\t\t\t\t\t\t\t<span class=\"elementor-icon-list-icon\">\n\t\t\t\t\t\t\t<svg aria-hidden=\"true\" class=\"e-font-icon-svg e-fas-car-alt\" viewbox=\"0 0 480 512\" xmlns=\"http:\/\/www.w3.org\/2000\/svg\"><path d=\"M438.66 212.33l-11.24-28.1-19.93-49.83C390.38 91.63 349.57 64 303.5 64h-127c-46.06 0-86.88 27.63-103.99 70.4l-19.93 49.83-11.24 28.1C17.22 221.5 0 244.66 0 272v48c0 16.12 6.16 30.67 16 41.93V416c0 17.67 14.33 32 32 32h32c17.67 0 32-14.33 32-32v-32h256v32c0 17.67 14.33 32 32 32h32c17.67 0 32-14.33 32-32v-54.07c9.84-11.25 16-25.8 16-41.93v-48c0-27.34-17.22-50.5-41.34-59.67zm-306.73-54.16c7.29-18.22 24.94-30.17 44.57-30.17h127c19.63 0 37.28 11.95 44.57 30.17L368 208H112l19.93-49.83zM80 319.8c-19.2 0-32-12.76-32-31.9S60.8 256 80 256s48 28.71 48 47.85-28.8 15.95-48 15.95zm320 0c-19.2 0-48 3.19-48-15.95S380.8 256 400 256s32 12.76 32 31.9-12.8 31.9-32 31.9z\"><\/path><\/svg>\t\t\t\t\t\t<\/span>\n\t\t\t\t\t\t\t\t\t\t<span class=\"elementor-icon-list-text\">Parcel delivery<\/span>\n\t\t\t\t\t\t\t\t\t<\/li>\n\t\t\t\t\t\t<\/ul>\n\t\t\t\t\t\t<\/div>\n\t\t\t\t<div class=\"elementor-element elementor-element-4731e131 elementor-widget elementor-widget-text-editor\" data-id=\"4731e131\" data-element_type=\"widget\" data-widget_type=\"text-editor.default\">\n\t\t\t\t\t\t\t\t\t<p>A parcel taxi is a fast and personalized transport service that allows you to transport parcels, mail or bulky goods safely and quickly. At Taxi Villefontaine, we understand the importance of your shipments, whether they are confidential documents, fragile objects or large packages. We provide you with dedicated vehicles and professional drivers to ensure direct delivery between the departure point and the destination, without any break in the load.<\/p>\t\t\t\t\t\t\t\t<\/div>\n\t\t\t\t\t<\/div>\n\t\t<\/div>\n\t\t\t\t\t<\/div>\n\t\t<\/section>\n\t\t\t\t<\/div>","protected":false},"excerpt":{"rendered":"<p>Accueil \/\u00a0 Livraison de colis Livraison de colis Rapidit\u00e9 et flexibilit\u00e9\u00a0: la disponibilit\u00e9 continue des taxis\u2011colis permet des livraisons en un temps record, y compris en soir\u00e9e, les week\u2011ends et jours f\u00e9ri\u00e9s . Vous pouvez planifier une livraison express ou programm\u00e9e selon vos contraintes de temps . Fiabilit\u00e9 et s\u00e9curit\u00e9\u00a0: le colis est pris en [&hellip;]<\/p>","protected":false},"author":1,"featured_media":769,"parent":0,"menu_order":0,"comment_status":"closed","ping_status":"closed","template":"","meta":{"footnotes":""},"class_list":["post-4323","page","type-page","status-publish","has-post-thumbnail","hentry"],"yoast_head":"<!-- This site is optimized with the Yoast SEO plugin v27.3 - https:\/\/yoast.com\/product\/yoast-seo-wordpress\/ -->\n<title>Livraison de colis sur Lyon, l&#039;Is\u00e8re et ses alentours - K Miles<\/title>\n<meta name=\"description\" content=\"Livraison de colis - Votre taxi pour vos mariages pour vous ou vos invit\u00e9s sur Lyon, l&#039;Is\u00e8re et ses alentours.\" \/>\n<meta name=\"robots\" content=\"index, follow, max-snippet:-1, max-image-preview:large, max-video-preview:-1\" \/>\n<link rel=\"canonical\" href=\"https:\/\/k-miles.swissrise.ch\/taxi-pour-vos-mariages\/\" \/>\n<meta property=\"og:locale\" content=\"en_US\" \/>\n<meta property=\"og:type\" content=\"article\" \/>\n<meta property=\"og:title\" content=\"Livraison de colis sur Lyon, l&#039;Is\u00e8re et ses alentours - K Miles\" \/>\n<meta property=\"og:description\" content=\"Livraison de colis - Votre taxi pour vos mariages pour vous ou vos invit\u00e9s sur Lyon, l&#039;Is\u00e8re et ses alentours.\" \/>\n<meta property=\"og:url\" content=\"https:\/\/k-miles.swissrise.ch\/taxi-pour-vos-mariages\/\" \/>\n<meta property=\"og:site_name\" content=\"K Miles\" \/>\n<meta property=\"article:publisher\" content=\"https:\/\/www.facebook.com\/people\/Taxi-De-Villefontaine\/100089877480571\/\" \/>\n<meta property=\"article:modified_time\" content=\"2025-09-18T17:38:44+00:00\" \/>\n<meta property=\"og:image\" content=\"https:\/\/k-miles.fr\/wp-content\/uploads\/2024\/06\/taxi-villefontaine-1.webp\" \/>\n\t<meta property=\"og:image:width\" content=\"1920\" \/>\n\t<meta property=\"og:image:height\" content=\"1280\" \/>\n\t<meta property=\"og:image:type\" content=\"image\/webp\" \/>\n<meta name=\"twitter:card\" content=\"summary_large_image\" \/>\n<meta name=\"twitter:title\" content=\"Livraison de colis sur Lyon, l&#039;Is\u00e8re et ses alentours - K Miles\" \/>\n<meta name=\"twitter:description\" content=\"Livraison de colis - Votre taxi pour vos mariages pour vous ou vos invit\u00e9s sur Lyon, l&#039;Is\u00e8re et ses alentours.\" \/>\n<meta name=\"twitter:image\" content=\"https:\/\/k-miles.fr\/wp-content\/uploads\/2024\/06\/taxi-villefontaine-1.webp\" \/>\n<meta name=\"twitter:label1\" content=\"Est. reading time\" \/>\n\t<meta name=\"twitter:data1\" content=\"2 minutes\" \/>\n<script type=\"application\/ld+json\" class=\"yoast-schema-graph\">{\"@context\":\"https:\\\/\\\/schema.org\",\"@graph\":[{\"@type\":\"WebPage\",\"@id\":\"https:\\\/\\\/k-miles.fr\\\/livraison-de-colis-a-villefontaine\\\/\",\"url\":\"https:\\\/\\\/k-miles.swissrise.ch\\\/taxi-pour-vos-mariages\\\/\",\"name\":\"Livraison de colis sur Lyon, l'Is\u00e8re et ses alentours - K Miles\",\"isPartOf\":{\"@id\":\"https:\\\/\\\/k-miles.fr\\\/#website\"},\"primaryImageOfPage\":{\"@id\":\"https:\\\/\\\/k-miles.swissrise.ch\\\/taxi-pour-vos-mariages\\\/#primaryimage\"},\"image\":{\"@id\":\"https:\\\/\\\/k-miles.swissrise.ch\\\/taxi-pour-vos-mariages\\\/#primaryimage\"},\"thumbnailUrl\":\"https:\\\/\\\/k-miles.fr\\\/wp-content\\\/uploads\\\/2024\\\/07\\\/taxi-villefontaine-transferts-gares-e1720112212590.webp\",\"datePublished\":\"2025-09-18T17:23:25+00:00\",\"dateModified\":\"2025-09-18T17:38:44+00:00\",\"description\":\"Livraison de colis - Votre taxi pour vos mariages pour vous ou vos invit\u00e9s sur Lyon, l'Is\u00e8re et ses alentours.\",\"breadcrumb\":{\"@id\":\"https:\\\/\\\/k-miles.swissrise.ch\\\/taxi-pour-vos-mariages\\\/#breadcrumb\"},\"inLanguage\":\"en-US\",\"potentialAction\":[{\"@type\":\"ReadAction\",\"target\":[\"https:\\\/\\\/k-miles.swissrise.ch\\\/taxi-pour-vos-mariages\\\/\"]}]},{\"@type\":\"ImageObject\",\"inLanguage\":\"en-US\",\"@id\":\"https:\\\/\\\/k-miles.swissrise.ch\\\/taxi-pour-vos-mariages\\\/#primaryimage\",\"url\":\"https:\\\/\\\/k-miles.fr\\\/wp-content\\\/uploads\\\/2024\\\/07\\\/taxi-villefontaine-transferts-gares-e1720112212590.webp\",\"contentUrl\":\"https:\\\/\\\/k-miles.fr\\\/wp-content\\\/uploads\\\/2024\\\/07\\\/taxi-villefontaine-transferts-gares-e1720112212590.webp\",\"width\":1500,\"height\":1270,\"caption\":\"Qui sommes nous ? , Taxi Villefontaine, D\u00e9couvrez qui est votre taxi sur Lyon, l'Is\u00e8re et ses alentours.\"},{\"@type\":\"BreadcrumbList\",\"@id\":\"https:\\\/\\\/k-miles.swissrise.ch\\\/taxi-pour-vos-mariages\\\/#breadcrumb\",\"itemListElement\":[{\"@type\":\"ListItem\",\"position\":1,\"name\":\"Accueil\",\"item\":\"https:\\\/\\\/k-miles.fr\\\/\"},{\"@type\":\"ListItem\",\"position\":2,\"name\":\"Livraison de colis\"}]},{\"@type\":\"WebSite\",\"@id\":\"https:\\\/\\\/k-miles.fr\\\/#website\",\"url\":\"https:\\\/\\\/k-miles.fr\\\/\",\"name\":\"Taxi Villefontaine\",\"description\":\"Voyagez en premi\u00e8re classe, o\u00f9 que vous alliez, avec Taxi Villefontaine, pour tous vos besoins\",\"publisher\":{\"@id\":\"https:\\\/\\\/k-miles.fr\\\/#organization\"},\"alternateName\":\"Votre taxi sur Lyon, Villefontaine et ses alentours\",\"potentialAction\":[{\"@type\":\"SearchAction\",\"target\":{\"@type\":\"EntryPoint\",\"urlTemplate\":\"https:\\\/\\\/k-miles.fr\\\/?s={search_term_string}\"},\"query-input\":{\"@type\":\"PropertyValueSpecification\",\"valueRequired\":true,\"valueName\":\"search_term_string\"}}],\"inLanguage\":\"en-US\"},{\"@type\":\"Organization\",\"@id\":\"https:\\\/\\\/k-miles.fr\\\/#organization\",\"name\":\"Taxi Villefontaine\",\"alternateName\":\"Votre taxi sur Lyon, Villefontaine et ses alentours\",\"url\":\"https:\\\/\\\/k-miles.fr\\\/\",\"logo\":{\"@type\":\"ImageObject\",\"inLanguage\":\"en-US\",\"@id\":\"https:\\\/\\\/k-miles.fr\\\/#\\\/schema\\\/logo\\\/image\\\/\",\"url\":\"https:\\\/\\\/k-miles.fr\\\/wp-content\\\/uploads\\\/2024\\\/06\\\/logo-k-miles.png\",\"contentUrl\":\"https:\\\/\\\/k-miles.fr\\\/wp-content\\\/uploads\\\/2024\\\/06\\\/logo-k-miles.png\",\"width\":824,\"height\":317,\"caption\":\"Taxi Villefontaine\"},\"image\":{\"@id\":\"https:\\\/\\\/k-miles.fr\\\/#\\\/schema\\\/logo\\\/image\\\/\"},\"sameAs\":[\"https:\\\/\\\/www.facebook.com\\\/people\\\/Taxi-De-Villefontaine\\\/100089877480571\\\/\"]}]}<\/script>\n<!-- \/ Yoast SEO plugin. -->","yoast_head_json":{"title":"Livraison de colis sur Lyon, l'Is\u00e8re et ses alentours - K Miles","description":"Livraison de colis - Votre taxi pour vos mariages pour vous ou vos invit\u00e9s sur Lyon, l'Is\u00e8re et ses alentours.","robots":{"index":"index","follow":"follow","max-snippet":"max-snippet:-1","max-image-preview":"max-image-preview:large","max-video-preview":"max-video-preview:-1"},"canonical":"https:\/\/k-miles.swissrise.ch\/taxi-pour-vos-mariages\/","og_locale":"en_US","og_type":"article","og_title":"Livraison de colis sur Lyon, l'Is\u00e8re et ses alentours - K Miles","og_description":"Livraison de colis - Votre taxi pour vos mariages pour vous ou vos invit\u00e9s sur Lyon, l'Is\u00e8re et ses alentours.","og_url":"https:\/\/k-miles.swissrise.ch\/taxi-pour-vos-mariages\/","og_site_name":"K Miles","article_publisher":"https:\/\/www.facebook.com\/people\/Taxi-De-Villefontaine\/100089877480571\/","article_modified_time":"2025-09-18T17:38:44+00:00","og_image":[{"width":1920,"height":1280,"url":"https:\/\/k-miles.fr\/wp-content\/uploads\/2024\/06\/taxi-villefontaine-1.webp","type":"image\/webp"}],"twitter_card":"summary_large_image","twitter_title":"Livraison de colis sur Lyon, l'Is\u00e8re et ses alentours - K Miles","twitter_description":"Livraison de colis - Votre taxi pour vos mariages pour vous ou vos invit\u00e9s sur Lyon, l'Is\u00e8re et ses alentours.","twitter_image":"https:\/\/k-miles.fr\/wp-content\/uploads\/2024\/06\/taxi-villefontaine-1.webp","twitter_misc":{"Est. reading time":"2 minutes"},"schema":{"@context":"https:\/\/schema.org","@graph":[{"@type":"WebPage","@id":"https:\/\/k-miles.fr\/livraison-de-colis-a-villefontaine\/","url":"https:\/\/k-miles.swissrise.ch\/taxi-pour-vos-mariages\/","name":"Livraison de colis sur Lyon, l'Is\u00e8re et ses alentours - K Miles","isPartOf":{"@id":"https:\/\/k-miles.fr\/#website"},"primaryImageOfPage":{"@id":"https:\/\/k-miles.swissrise.ch\/taxi-pour-vos-mariages\/#primaryimage"},"image":{"@id":"https:\/\/k-miles.swissrise.ch\/taxi-pour-vos-mariages\/#primaryimage"},"thumbnailUrl":"https:\/\/k-miles.fr\/wp-content\/uploads\/2024\/07\/taxi-villefontaine-transferts-gares-e1720112212590.webp","datePublished":"2025-09-18T17:23:25+00:00","dateModified":"2025-09-18T17:38:44+00:00","description":"Livraison de colis - Votre taxi pour vos mariages pour vous ou vos invit\u00e9s sur Lyon, l'Is\u00e8re et ses alentours.","breadcrumb":{"@id":"https:\/\/k-miles.swissrise.ch\/taxi-pour-vos-mariages\/#breadcrumb"},"inLanguage":"en-US","potentialAction":[{"@type":"ReadAction","target":["https:\/\/k-miles.swissrise.ch\/taxi-pour-vos-mariages\/"]}]},{"@type":"ImageObject","inLanguage":"en-US","@id":"https:\/\/k-miles.swissrise.ch\/taxi-pour-vos-mariages\/#primaryimage","url":"https:\/\/k-miles.fr\/wp-content\/uploads\/2024\/07\/taxi-villefontaine-transferts-gares-e1720112212590.webp","contentUrl":"https:\/\/k-miles.fr\/wp-content\/uploads\/2024\/07\/taxi-villefontaine-transferts-gares-e1720112212590.webp","width":1500,"height":1270,"caption":"Qui sommes nous ? , Taxi Villefontaine, D\u00e9couvrez qui est votre taxi sur Lyon, l'Is\u00e8re et ses alentours."},{"@type":"BreadcrumbList","@id":"https:\/\/k-miles.swissrise.ch\/taxi-pour-vos-mariages\/#breadcrumb","itemListElement":[{"@type":"ListItem","position":1,"name":"Accueil","item":"https:\/\/k-miles.fr\/"},{"@type":"ListItem","position":2,"name":"Livraison de colis"}]},{"@type":"WebSite","@id":"https:\/\/k-miles.fr\/#website","url":"https:\/\/k-miles.fr\/","name":"Taxi Villefontaine","description":"Travel first class, wherever you go, with Taxi Villefontaine, for all your needs","publisher":{"@id":"https:\/\/k-miles.fr\/#organization"},"alternateName":"Votre taxi sur Lyon, Villefontaine et ses alentours","potentialAction":[{"@type":"SearchAction","target":{"@type":"EntryPoint","urlTemplate":"https:\/\/k-miles.fr\/?s={search_term_string}"},"query-input":{"@type":"PropertyValueSpecification","valueRequired":true,"valueName":"search_term_string"}}],"inLanguage":"en-US"},{"@type":"Organization","@id":"https:\/\/k-miles.fr\/#organization","name":"Taxi Villefontaine","alternateName":"Votre taxi sur Lyon, Villefontaine et ses alentours","url":"https:\/\/k-miles.fr\/","logo":{"@type":"ImageObject","inLanguage":"en-US","@id":"https:\/\/k-miles.fr\/#\/schema\/logo\/image\/","url":"https:\/\/k-miles.fr\/wp-content\/uploads\/2024\/06\/logo-k-miles.png","contentUrl":"https:\/\/k-miles.fr\/wp-content\/uploads\/2024\/06\/logo-k-miles.png","width":824,"height":317,"caption":"Taxi Villefontaine"},"image":{"@id":"https:\/\/k-miles.fr\/#\/schema\/logo\/image\/"},"sameAs":["https:\/\/www.facebook.com\/people\/Taxi-De-Villefontaine\/100089877480571\/"]}]}},"_links":{"self":[{"href":"https:\/\/k-miles.fr\/en\/wp-json\/wp\/v2\/pages\/4323","targetHints":{"allow":["GET"]}}],"collection":[{"href":"https:\/\/k-miles.fr\/en\/wp-json\/wp\/v2\/pages"}],"about":[{"href":"https:\/\/k-miles.fr\/en\/wp-json\/wp\/v2\/types\/page"}],"author":[{"embeddable":true,"href":"https:\/\/k-miles.fr\/en\/wp-json\/wp\/v2\/users\/1"}],"replies":[{"embeddable":true,"href":"https:\/\/k-miles.fr\/en\/wp-json\/wp\/v2\/comments?post=4323"}],"version-history":[{"count":12,"href":"https:\/\/k-miles.fr\/en\/wp-json\/wp\/v2\/pages\/4323\/revisions"}],"predecessor-version":[{"id":4337,"href":"https:\/\/k-miles.fr\/en\/wp-json\/wp\/v2\/pages\/4323\/revisions\/4337"}],"wp:featuredmedia":[{"embeddable":true,"href":"https:\/\/k-miles.fr\/en\/wp-json\/wp\/v2\/media\/769"}],"wp:attachment":[{"href":"https:\/\/k-miles.fr\/en\/wp-json\/wp\/v2\/media?parent=4323"}],"curies":[{"name":"wp","href":"https:\/\/api.w.org\/{rel}","templated":true}]}}